{"id":649,"date":"2022-02-08T15:13:40","date_gmt":"2022-02-08T14:13:40","guid":{"rendered":"https:\/\/amianteaucarre.com\/?page_id=649"},"modified":"2022-05-12T10:32:02","modified_gmt":"2022-05-12T08:32:02","slug":"mentions-legales","status":"publish","type":"page","link":"https:\/\/acarre.eu\/index.php\/mentions-legales\/","title":{"rendered":"Mentions l\u00e9gales"},"content":{"rendered":"\n<h2 class=\"wp-block-heading\" id=\"informations-legales\">Informations l\u00e9gales<\/h2>\n\n\n\n<p>Statut du propri\u00e9taire : SASU<\/p>\n\n\n\n<p>Nom de la Soci\u00e9t\u00e9 : A carr\u00e9<\/p>\n\n\n\n<p>Adresse : 4 rue de l&rsquo;\u00e9galit\u00e9 &#8211; 59290 WASQUEHAL<\/p>\n\n\n\n<p>SIRET : 91306694000010<\/p>\n\n\n\n<p>RCS Lille Metropole B 913\u00a0066\u00a0940<\/p>\n\n\n\n<p>APE : 7120 B<\/p>\n\n\n\n<p>Adresse de courrier \u00e9lectronique : a.meunier@acarre.eu<\/p>\n\n\n\n<p>Responsable de la publication &amp; Responsable Editorial : Antoine MEUNIER<\/p>\n\n\n\n<p>Responsable de la protection des donn\u00e9es : Antoine MEUNIER <\/p>\n\n\n\n<p>Nom et adresse de l\u2019h\u00e9bergeur<br>Le site internet https:\/\/www.acarre.eu est h\u00e9berg\u00e9 sur les mat\u00e9riels informatiques de la soci\u00e9t\u00e9 OVH dont le si\u00e8ge social est : 2 rue Kellermann \u2013 59100 ROUBAIX<\/p>\n\n\n\n<p>Conform\u00e9ment \u00e0 la loi n\u00b02004-575 du 21 juin 2004 pour la confiance dans l\u2019\u00e9conomie num\u00e9rique, nous vous informons que le site internet \u00abacarre.eu\u00bb est la propri\u00e9t\u00e9 de A carr\u00e9.<\/p>\n\n\n\n<p>La conception technique et graphique du site internet www.acarre.eu a \u00e9t\u00e9 con\u00e7u par A carre<\/p>\n\n\n\n<p>Le site https:\/\/www.acarre.eu est r\u00e9gi par le droit fran\u00e7ais ; les visiteurs ayant acc\u00e8s au site de l\u2019\u00e9tranger, doivent s\u2019assurer du respect des lois localement applicables.<\/p>\n\n\n\n<h2 class=\"wp-block-heading\" id=\"utilisation-des-cookies\">Utilisation des cookies<\/h2>\n\n\n\n<p>Ce site utilise des cookies qui ne permettent pas de vous identifier personnellement. Les cookies sont des fichiers informatiques qui sont install\u00e9s sur votre ordinateur via votre navigateur et qui contiennent des informations sur votre navigation lorsque vous visitez les pages du site.<\/p>\n\n\n\n<p>Les internautes de ce site sont inform\u00e9s que, lors de l\u2019acc\u00e8s \u00e0 ce site, des informations peuvent \u00eatre temporairement conserv\u00e9es en m\u00e9moire ou sur leur disque dur afin de faciliter la navigation sur le site. Les internautes du site reconnaissent avoir \u00e9t\u00e9 inform\u00e9s de cette pratique et autorisent Amiante au carr\u00e9 \u00e0 l\u2019employer. Ils peuvent par ailleurs s\u2019opposer \u00e0 l\u2019enregistrement de cookies en employant pour cela les fonctionnalit\u00e9s correspondantes sur leur navigateur.<\/p>\n\n\n\n<p>Le site collecte les informations personnelles fournies par les utilisateurs \u00e0 l\u2019occasion de leur visite sur le site. Cette collecte permet :<\/p>\n\n\n\n<p>L\u2019\u00e9tablissement de statistiques g\u00e9n\u00e9rales sur le trafic sur le site,<br>L\u2019envoi vers les adresses mails fournies par les utilisateurs de r\u00e9ponses, d\u2019informations diverses ou annonces provenant de l\u2019\u00e9diteur.<br>La collecte et le traitement des informations personnelles sur Internet doivent se faire dans le respect des droits fondamentaux des personnes.<br>Que faire si vous ne souhaitez pas activer les cookies ?<\/p>\n\n\n\n<p>\u00c0 tout moment, vous avez la possibilit\u00e9 de r\u00e9voquer votre consentement \u00e0 l\u2019utilisation des cookies :<\/p>\n\n\n\n<p>En param\u00e9trant le navigateur internet de votre terminal.<\/p>\n\n\n\n<p>Si vous souhaitez supprimer les cookies enregistr\u00e9s sur votre terminal et param\u00e9trer votre navigateur afin de refuser les cookies, vous pouvez le faire dans les pr\u00e9f\u00e9rences de votre navigateur internet. Ces param\u00e8tres de navigation relatifs aux cookies se trouvent habituellement dans les menus \u00ab Options \u00bb, \u00ab Pr\u00e9f\u00e9rences \u00bb ou \u00ab Outils \u00bb de votre navigateur. Cependant, selon les diff\u00e9rents navigateurs existants, des moyens diff\u00e9rents peuvent \u00eatre utilis\u00e9s pour d\u00e9sactiver les cookies. Pour en savoir plus vous pouvez suivre les liens ci-dessous :<\/p>\n\n\n\n<p>Firefox :&nbsp;<a href=\"https:\/\/support.mozilla.org\/cookies\">https:\/\/support.mozilla.org\/cookies<\/a><br>Chrome :&nbsp;<a href=\"https:\/\/support.google.com\/cookies\">https:\/\/support.google.com\/cookies<\/a><br>Internet Explorer 8-11:&nbsp;<a href=\"https:\/\/windows.microsoft.com\/explorer\/cookies\">https:\/\/windows.microsoft.com\/explorer\/cookies<\/a><br>Microsoft Edge :&nbsp;<a href=\"https:\/\/www.privacy.microsoft\/edge\">https:\/\/www.privacy.microsoft\/edge<\/a><br>Opera :&nbsp;<a href=\"http:\/\/www.opera.com\/help\">http:\/\/www.opera.com\/help<\/a><br>Si vous refusez l\u2019enregistrement de cookies sur votre terminal, veuillez noter que, depuis votre navigateur internet, vous serez toujours en mesure de naviguer sur ce site, mais certaines options pourraient ne pas fonctionner correctement.<\/p>\n\n\n\n<p>La d\u00e9sactivation des cookies peut avoir pour cons\u00e9quence de limiter votre acc\u00e8s \u00e0 tout ou partie du site ou d\u2019autres sites.<\/p>\n\n\n\n<p>Ce site utilise Google Analytics, qui nous permet de d\u00e9terminer quelles pages sont les plus regard\u00e9es par les internautes et d\u2019am\u00e9liorer notre contenu ainsi que de compter le nombre de visiteurs et analyser la mani\u00e8re dont les internautes naviguent au sein de ce site. Google Analytics est un service d\u2019analyse de sites internet propos\u00e9 par Google Inc. Google ne recoupera pas les informations collect\u00e9es via Google Analytics avec toute autre donn\u00e9e d\u00e9tenue par Google. Les donn\u00e9es g\u00e9n\u00e9r\u00e9es par les cookies concernent uniquement votre utilisation du site, les adresses IP sont anonymis\u00e9es. Pour plus d\u2019information sur Google Analytics et l\u2019anonymisation des IP :&nbsp;<a href=\"https:\/\/support.google.com\/analytics\">https:\/\/support.google.com\/analytics<\/a>&nbsp;\u2013&nbsp;<a href=\"https:\/\/www.google.fr\/intl\/fr\/policies\/privacy\/\">https:\/\/www.google.fr\/intl\/fr\/policies\/privacy\/<\/a>&nbsp;\u2013&nbsp;<a href=\"https:\/\/support.google.com\/analytics\/answer\/2763052?hl=fr\">https:\/\/support.google.com\/analytics\/answer\/2763052?hl=fr<\/a><\/p>\n\n\n\n<p>Vous pouvez d\u00e9sactiver l\u2019utilisation de cookies en s\u00e9lectionnant les param\u00e8tres appropri\u00e9s de votre navigateur. Cependant, une telle d\u00e9sactivation pourrait emp\u00eacher l\u2019utilisation de certaines fonctionnalit\u00e9s de ce site.<\/p>\n\n\n\n<p>Ce site est susceptible de donner acc\u00e8s ou d\u2019int\u00e9grer des vid\u00e9os, photos et musiques provenant de sites tels que YouTube. En visitant une page qui contient des contenus int\u00e9gr\u00e9s de l\u2019un de ces sites, des cookies provenant de ces sites peuvent \u00eatre d\u00e9pos\u00e9s sur votre navigateur ou le disque dur de votre ordinateur. Pour plus d\u2019information sur YouTube, vous pouvez consulter https:\/\/support.google.com\/youtube\/answer\/171780 Vous pouvez d\u00e9sactiver l\u2019utilisation de cookies en s\u00e9lectionnant les param\u00e8tres appropri\u00e9s de votre navigateur. Cependant, une telle d\u00e9sactivation pourrait emp\u00eacher l\u2019utilisation de certaines fonctionnalit\u00e9s de ce site.<\/p>\n\n\n\n<p>Protection des biens et des personnes \u2013 gestion des donn\u00e9es personnelles :<br>En France, les donn\u00e9es personnelles sont notamment prot\u00e9g\u00e9es par la loi n\u00b0 78-87 du 6 janvier 1978, la loi n\u00b0 2004-801 du 6 ao\u00fbt 2004, l\u2019article L. 226-13 du Code p\u00e9nal et la Directive Europ\u00e9enne du 24 octobre 1995.<\/p>\n\n\n\n<p>A l\u2019occasion de l\u2019utilisation du site www.acarre.eu, peuvent \u00eatre recueillies : l\u2019URL des liens par l\u2019interm\u00e9diaire desquels l\u2019utilisateur a acc\u00e9d\u00e9 au site www.amianteaucarre.com, le fournisseur d\u2019acc\u00e8s de l\u2019utilisateur, l\u2019adresse de protocole Internet (IP) de l\u2019utilisateur.<\/p>\n\n\n\n<p>En tout \u00e9tat de cause Amiante au carre ne collecte des informations personnelles relatives \u00e0 l\u2019utilisateur que pour le besoin de certains services propos\u00e9s par le site amianteaucarrer.com. L\u2019utilisateur fournit ces informations en toute connaissance de cause, notamment lorsqu\u2019il proc\u00e8de par lui-m\u00eame \u00e0 leur saisie. Il est alors pr\u00e9cis\u00e9 \u00e0 l\u2019utilisateur du site www.acarre.eu l\u2019obligation ou non de fournir ces informations.<\/p>\n\n\n\n<p>Les donn\u00e9es personnelles fournis par le biais des formulaires sont supprim\u00e9es au bout de 2 ans \u00e0 compter de la date d\u2019envoi. Celles-ci sont anonymis\u00e9es est archiv\u00e9s \u00e0 des fins statistiques.<\/p>\n\n\n\n<p>Conform\u00e9ment aux dispositions des articles 38 et suivants de la loi 78-17 du 6 janvier 1978 relative \u00e0 l\u2019informatique, aux fichiers et aux libert\u00e9s, tout utilisateur dispose d\u2019un droit d\u2019acc\u00e8s, de rectification et d\u2019opposition aux donn\u00e9es personnelles le concernant, en effectuant sa demande \u00e9crite et sign\u00e9e, accompagn\u00e9e d\u2019une copie du titre d\u2019identit\u00e9 avec signature du titulaire de la pi\u00e8ce, en pr\u00e9cisant l\u2019adresse \u00e0 laquelle la r\u00e9ponse doit \u00eatre envoy\u00e9e.<\/p>\n\n\n\n<p>Aucune information personnelle de l\u2019utilisateur du site www.acarre.eu n\u2019est publi\u00e9e \u00e0 l\u2019insu de l\u2019utilisateur, \u00e9chang\u00e9e, transf\u00e9r\u00e9e, c\u00e9d\u00e9e ou vendue sur un support quelconque \u00e0 des tiers. Seule l\u2019hypoth\u00e8se du rachat de A carr\u00e9 et de ses droits permettrait la transmission des dites informations \u00e0 l\u2019\u00e9ventuel acqu\u00e9reur qui serait \u00e0 son tour tenu de la m\u00eame obligation de conservation et de modification des donn\u00e9es vis \u00e0 vis de l\u2019utilisateur du site www.amianteaucarre.com.<\/p>\n\n\n\n<p>Les bases de donn\u00e9es sont prot\u00e9g\u00e9es par les dispositions de la loi du 1er juillet 1998 transposant la directive 96\/9 du 11 mars 1996 relative \u00e0 la protection juridique des bases de donn\u00e9es.<\/p>\n\n\n\n<p>Les informations recueillies sur ce formulaire sont enregistr\u00e9es dans un fichier informatis\u00e9 par&nbsp;A carre &#8211; Antoine MEUNIER&nbsp;pour&nbsp;envoyer des informations aux adh\u00e9rents de la newsletter. <\/p>\n\n\n\n<p>Nous collectons toutes les donn\u00e9es \u00e0 caract\u00e8re personnel n\u00e9cessaires \u00e0 des fins de contact et marketing.<\/p>\n\n\n\n<p>Il est probable qu&rsquo;il existe (\u00e9galement) une obligation l\u00e9gale (par ex. : une r\u00e9glementation comptable ou fiscale) ou que nous ayons un int\u00e9r\u00eat l\u00e9gitime justifiant le traitement de vos donn\u00e9es.<\/p>\n\n\n\n<p>Lorsque vous soumettez une demande de contact sur notre Site ou dans certains cas lorsque c\u2019 est n\u00e9cessaire , nous vous demanderons votre consentement pour traiter vos donn\u00e9es personnelles. En cochant la petite case en bas du formulaire de contact en ligne, vous nous autorisez \u00e0 utiliser vos donn\u00e9es \u00e0 caract\u00e8re personnel \u00e0 des fins de marketing<\/p>\n\n\n\n<p>Les donn\u00e9es collect\u00e9es seront communiqu\u00e9es au seul destinataire suivant :&nbsp;hello@acarre.eu.<\/p>\n\n\n\n<p>Les donn\u00e9es sont conserv\u00e9es pendant&nbsp;une dur\u00e9e de 10 ans ou jusqu&rsquo;au d\u00e9sabonnement ou demande d&rsquo;effacement.<\/p>\n\n\n\n<p>Vous disposez des droits suivants concernant vos Informations Personnelles, que vous pouvez exercer en nous \u00e9crivant \u00e0 l\u2019adresse postale mentionn\u00e9e au point 1 ou en remplissant le formulaire de contact sur le Site.<\/p>\n\n\n\n<p>o Droit d\u2019acc\u00e9der \u00e0 vos Informations Personnelles et de communication des donn\u00e9es<\/p>\n\n\n\n<p>Vous avez la facult\u00e9 d\u2019acc\u00e9der aux Informations Personnelles qui vous concernent.<\/p>\n\n\n\n<p>Pour cela il vous suffit d&rsquo;adresser votre demande \u00e0 hello@acarre.eu.<\/p>\n\n\n\n<p>Pour vous aider dans votre d\u00e9marche, notamment si vous d\u00e9sirez exercer votre droit d\u2019acc\u00e8s par le biais d\u2019une demande \u00e9crite \u00e0 l\u2019adresse postale mentionn\u00e9e au point 1, vous trouverez en cliquant sur le lien suivant un mod\u00e8le de courrier \u00e9labor\u00e9 par la Commission Nationale de l\u2019Informatique et des Libert\u00e9s (la \u00ab CNIL \u00bb).<\/p>\n\n\n\n<figure class=\"wp-block-embed\"><div class=\"wp-block-embed__wrapper\">\nhttps:\/\/www.cnil.fr\/fr\/modele\/courrier\/exercer-son-droit-dacces\n<\/div><\/figure>\n\n\n\n<p>o Droit de rectification des donn\u00e9es personnelles \u2013 droit de suppression de vos donn\u00e9es personnelles &#8211; droit \u00e0 la limitation du traitement de vos donn\u00e9es<\/p>\n\n\n\n<p>Au titre de ce droit, la l\u00e9gislation vous habilite \u00e0 demander la rectification, la mise \u00e0 jour, le verrouillage ou encore l\u2019effacement des donn\u00e9es personnelles vous concernant, qui peuvent s\u2019av\u00e9rer le cas \u00e9ch\u00e9ant inexactes, erron\u00e9es, incompl\u00e8tes ou obsol\u00e8tes.<\/p>\n\n\n\n<p>Egalement, vous pouvez d\u00e9finir des directives g\u00e9n\u00e9rales et particuli\u00e8res relatives au sort des donn\u00e9es \u00e0 caract\u00e8re personnel apr\u00e8s votre d\u00e9c\u00e8s. Le cas \u00e9ch\u00e9ant, les h\u00e9ritiers d\u2019une personne d\u00e9c\u00e9d\u00e9e peuvent exiger de prendre en consid\u00e9ration le d\u00e9c\u00e8s de leur proche et\/ou de proc\u00e9der aux mises \u00e0 jour n\u00e9cessaires.<\/p>\n\n\n\n<p>Pour vous aider dans votre d\u00e9marche, notamment si vous d\u00e9sirez exercer, pour votre propre compte ou pour le compte de l\u2019un de vos proches d\u00e9c\u00e9d\u00e9, votre droit de rectification par le biais d\u2019une demande \u00e9crite \u00e0 l\u2019adresse postale mentionn\u00e9e au point 1, vous trouverez&nbsp;<a href=\"https:\/\/www.cnil.fr\/fr\/modele\/courrier\/rectifier-des-donnees-incompletes\">en cliquant sur le lien suivant<\/a>&nbsp;un mod\u00e8le de courrier \u00e9labor\u00e9 par la CNIL.<\/p>\n\n\n\n<figure class=\"wp-block-embed\"><div class=\"wp-block-embed__wrapper\">\nhttps:\/\/www.cnil.fr\/fr\/modele\/courrier\/rectifier-des-donnees-inexactes-obsoletes-ou-perimees\n<\/div><\/figure>\n\n\n\n<p>o Droit de s\u2019opposer au traitement de vos Informations Personnelles<\/p>\n\n\n\n<p>L\u2019exercice de ce droit n\u2019est possible que dans l\u2019une des deux situations suivantes : 1. Lorsque l\u2019exercice de ce droit est fond\u00e9 sur des motifs l\u00e9gitimes ; ou 2. Lorsque l\u2019exercice de ce droit vise \u00e0 faire obstacle \u00e0 ce que les donn\u00e9es recueillies soient utilis\u00e9es \u00e0 des fins de prospection commerciale. Pour vous aider dans votre d\u00e9marche, notamment si vous d\u00e9sirez exercer votre droit d\u2019opposition par le biais d\u2019une demande \u00e9crite adress\u00e9e \u00e0 l\u2019adresse postale indiqu\u00e9e au point 1, vous trouverez en cliquant sur le lien suivant un mod\u00e8le de courrier \u00e9labor\u00e9 par la CNIL.<\/p>\n\n\n\n<figure class=\"wp-block-embed\"><div class=\"wp-block-embed__wrapper\">\nhttps:\/\/www.cnil.fr\/fr\/modele\/courrier\/supprimer-des-informations-vous-concernant-dun-site-internet\n<\/div><\/figure>\n\n\n\n<ul class=\"wp-block-list\"><li>8. D\u00e9lais de r\u00e9ponse<\/li><\/ul>\n\n\n\n<p>Acarre s\u2019engage \u00e0 r\u00e9pondre \u00e0 votre demande d\u2019acc\u00e8s, de rectification ou d\u2019opposition ou toute autre demande compl\u00e9mentaire d\u2019informations dans un d\u00e9lai raisonnable qui ne saurait d\u00e9passer 1 mois \u00e0 compter de la r\u00e9ception de votre demande.<\/p>\n\n\n\n<ul class=\"wp-block-list\"><li>9. Prestataires habilit\u00e9s et transfert vers un pays tiers de l\u2019Union Europ\u00e9enne<\/li><\/ul>\n\n\n\n<p>Acarre vous informe qu\u2019il a recours \u00e0 ses prestataires et partenaires habilit\u00e9s pour faciliter le recueil et le traitement des donn\u00e9es que vous nous avez communiqu\u00e9.<\/p>\n\n\n\n<p>Acarre s\u2019est pr\u00e9alablement assur\u00e9 de la mise en \u0153uvre par ses prestataires et partenaires de garanties ad\u00e9quates et du respect de conditions strictes en mati\u00e8re de confidentialit\u00e9, d\u2019usage et de protection des donn\u00e9es.<\/p>\n\n\n\n<p>Vos donn\u00e9es \u00e0 caract\u00e8re personnel ne seront pas transf\u00e9r\u00e9es \u00e0 des pays ext\u00e9rieurs \u00e0 l\u2019EEE en l\u2019absence de garanties appropri\u00e9es.<\/p>\n\n\n\n<ul class=\"wp-block-list\"><li>10. Plainte aupr\u00e8s de l\u2019autorit\u00e9 comp\u00e9tente (France : la CNIL)<\/li><\/ul>\n\n\n\n<p>Si vous consid\u00e9rez que Acarre ne respecte pas ses obligations au regard de vos Informations Personnelles, vous pouvez adresser une plainte ou une demande aupr\u00e8s de l\u2019autorit\u00e9 comp\u00e9tente. En France, l\u2019autorit\u00e9 comp\u00e9tente est la CNIL \u00e0 laquelle vous pouvez adresser une demande par voie \u00e9lectronique en cliquant sur le lien suivant : https:\/\/www.cnil.fr\/fr\/plaintes\/internet ou par courrier \u00e0 l\u2019adresse postale suivante :<\/p>\n\n\n\n<p>Commission Nationale de l&rsquo;Informatique et des Libert\u00e9s (CNIL)<br>Adresse postale :<br>3 Place de Fontenoy<br>TSA 80715<br>75334 PARIS CEDEX 07<\/p>\n","protected":false},"excerpt":{"rendered":"<p>Informations l\u00e9gales Statut du propri\u00e9taire : SASU Nom de la Soci\u00e9t\u00e9 : A carr\u00e9 Adresse : 4 rue de l&rsquo;\u00e9galit\u00e9 &#8211; 59290 WASQUEHAL SIRET : 91306694000010 RCS Lille Metropole B 913\u00a0066\u00a0940 APE : 7120 B Adresse de courrier \u00e9lectronique : a.meunier@acarre.eu Responsable de la publication &amp; Responsable Editorial : Antoine MEUNIER Responsable de la protection [&hellip;]<\/p>\n","protected":false},"author":2,"featured_media":0,"parent":0,"menu_order":0,"comment_status":"closed","ping_status":"closed","template":"","meta":{"_uag_custom_page_level_css":"","footnotes":""},"class_list":["post-649","page","type-page","status-publish","hentry"],"blocksy_meta":{"styles_descriptor":{"styles":{"desktop":"","tablet":"","mobile":""},"google_fonts":[],"version":5}},"uagb_featured_image_src":{"full":false,"thumbnail":false,"medium":false,"medium_large":false,"large":false,"1536x1536":false,"2048x2048":false},"uagb_author_info":{"display_name":"admin9500","author_link":"https:\/\/acarre.eu\/index.php\/author\/admin9500\/"},"uagb_comment_info":0,"uagb_excerpt":"Informations l\u00e9gales Statut du propri\u00e9taire : SASU Nom de la Soci\u00e9t\u00e9 : A carr\u00e9 Adresse : 4 rue de l&rsquo;\u00e9galit\u00e9 &#8211; 59290 WASQUEHAL SIRET : 91306694000010 RCS Lille Metropole B 913\u00a0066\u00a0940 APE : 7120 B Adresse de courrier \u00e9lectronique : a.meunier@acarre.eu Responsable de la publication &amp; Responsable Editorial : Antoine MEUNIER Responsable de la protection\u2026","_links":{"self":[{"href":"https:\/\/acarre.eu\/index.php\/wp-json\/wp\/v2\/pages\/649","targetHints":{"allow":["GET"]}}],"collection":[{"href":"https:\/\/acarre.eu\/index.php\/wp-json\/wp\/v2\/pages"}],"about":[{"href":"https:\/\/acarre.eu\/index.php\/wp-json\/wp\/v2\/types\/page"}],"author":[{"embeddable":true,"href":"https:\/\/acarre.eu\/index.php\/wp-json\/wp\/v2\/users\/2"}],"replies":[{"embeddable":true,"href":"https:\/\/acarre.eu\/index.php\/wp-json\/wp\/v2\/comments?post=649"}],"version-history":[{"count":3,"href":"https:\/\/acarre.eu\/index.php\/wp-json\/wp\/v2\/pages\/649\/revisions"}],"predecessor-version":[{"id":976,"href":"https:\/\/acarre.eu\/index.php\/wp-json\/wp\/v2\/pages\/649\/revisions\/976"}],"wp:attachment":[{"href":"https:\/\/acarre.eu\/index.php\/wp-json\/wp\/v2\/media?parent=649"}],"curies":[{"name":"wp","href":"https:\/\/api.w.org\/{rel}","templated":true}]}}