{"id":621,"date":"2022-02-08T10:33:15","date_gmt":"2022-02-08T09:33:15","guid":{"rendered":"https:\/\/amianteaucarre.com\/?page_id=621"},"modified":"2022-05-13T10:42:31","modified_gmt":"2022-05-13T08:42:31","slug":"a-propos","status":"publish","type":"page","link":"https:\/\/acarre.eu\/index.php\/a-propos\/","title":{"rendered":"A propos"},"content":{"rendered":"\n<div class=\"wp-block-columns is-layout-flex wp-container-core-columns-is-layout-28f84493 wp-block-columns-is-layout-flex\">\n<div class=\"wp-block-column is-layout-flow wp-block-column-is-layout-flow\" style=\"flex-basis:33.33%\">\n<div class=\"wp-block-image\"><figure class=\"aligncenter size-large is-resized\"><img fetchpriority=\"high\" decoding=\"async\" src=\"https:\/\/acarre.eu\/wp-content\/uploads\/2022\/04\/13-13-091A1468-1-1-737x1024.jpg\" alt=\"\" class=\"wp-image-924\" width=\"216\" height=\"300\" srcset=\"https:\/\/acarre.eu\/wp-content\/uploads\/2022\/04\/13-13-091A1468-1-1-737x1024.jpg 737w, https:\/\/acarre.eu\/wp-content\/uploads\/2022\/04\/13-13-091A1468-1-1-216x300.jpg 216w, https:\/\/acarre.eu\/wp-content\/uploads\/2022\/04\/13-13-091A1468-1-1-768x1067.jpg 768w, https:\/\/acarre.eu\/wp-content\/uploads\/2022\/04\/13-13-091A1468-1-1.jpg 864w\" sizes=\"(max-width: 216px) 100vw, 216px\" \/><\/figure><\/div>\n<\/div>\n\n\n\n<div class=\"wp-block-column is-layout-flow wp-block-column-is-layout-flow\" style=\"flex-basis:66.66%\">\n<h2 class=\"wp-block-heading\">En bref !<\/h2>\n\n\n\n<p>Apr\u00e8s un Master en QHSE au Conservatoire National des Arts et M\u00e9tiers et une carri\u00e8re de 7 ann\u00e9es en diagnostic amiante, j&rsquo;ai d\u00e9cid\u00e9 de cr\u00e9er A\u00b2.<\/p>\n\n\n\n<p>A\u00b2 pour continuer de r\u00e9aliser des diagnostics amiante pour permettre la s\u00e9curit\u00e9 des intervenants et le PEMD pour r\u00e9employer davantage et contribuer au d\u00e9veloppement durable.<\/p>\n\n\n\n<p>Deux th\u00e9matiques qui me tiennent \u00e0 c\u0153ur et qui ont du sens\u202f!<\/p>\n<\/div>\n<\/div>\n\n\n\n<p class=\"has-medium-font-size\"><strong>Mon parcours : <\/strong><\/p>\n\n\n\n<p class=\"justification_texte has-palette-color-8-background-color has-background\">Je suis dipl\u00f4m\u00e9 d&rsquo;un Master en QHSE au Conservatoire National des Arts et M\u00e9tiers et certifi\u00e9 en diagnostic Amiante mention. J&rsquo;ai d&rsquo;abord travaill\u00e9 chez Franck Fer, une entreprise de d\u00e9samiantage et d\u00e9molition du Pas-de-Calais, en tant que coordinateur QHSE et encadrant technique amiante. <\/p>\n\n\n\n<p class=\"has-text-align-left has-palette-color-8-background-color has-background\">Dans cette entreprise, j&rsquo;ai acquis une exp\u00e9rience consid\u00e9rable dans la gestion du risque amiante et des chantiers de d\u00e9molition. J&rsquo;ai ensuite travaill\u00e9 pendant 4 chez Bureau Veritas l&rsquo;un des leaders de l&rsquo;activit\u00e9 de TIC, et 3 ans chez Alpes Contr\u00f4les un de leurs concurrents comme diagnostiqueur amiante et D\u00e9chets de chantier.<\/p>\n\n\n\n<figure class=\"wp-block-pullquote\" style=\"border-style:none;border-width:0px\"><blockquote><p>Diagnostiqueur parce que, pour ma\u00eetriser les risques, notamment l&rsquo;amiante et bien g\u00e9rer les d\u00e9chets, il faut \u00eatre capable de les identifier et de les quantifier.<\/p><\/blockquote><\/figure>\n\n\n\n<p>Passionn\u00e9 par mon m\u00e9tier et l&rsquo;envie d&rsquo;entreprendre, j&rsquo;ai d\u00e9cid\u00e9 de cr\u00e9er\u202f!<\/p>\n\n\n\n<p><\/p>\n\n\n\n<p class=\"has-medium-font-size\"><strong>Pourquoi A carr\u00e9\u202f?<\/strong><\/p>\n\n\n\n<p>En cr\u00e9ant A<sup>2<\/sup>, j&rsquo;ai d\u00e9cid\u00e9 d&rsquo;apporter mon exp\u00e9rience et mon savoir-faire \u00e0 tous les ma\u00eetres d&rsquo;ouvrage et ma\u00eetres d&rsquo;\u0153uvre qui sont confront\u00e9s \u00e0 ces probl\u00e9matiques sans savoir comment les g\u00e9rer.<\/p>\n\n\n\n<p>Au d\u00e9but de mon activit\u00e9 d&rsquo;encadrant technique amiante (gestion de chantier), je me suis trouv\u00e9 confront\u00e9 au rep\u00e9rage amiante souvent difficile \u00e0 exploiter. Difficile parce que c&rsquo;est un document tr\u00e8s cadr\u00e9, peu pragmatique et difficile \u00e0 comprendre pour les n\u00e9ophytes.<\/p>\n\n\n\n<p>Avec A<sup>2<\/sup>, mon objectif est de rendre le diagnostic amiante avant travaux ou d\u00e9molition plus pragmatique et proche de son exploitant !<\/p>\n\n\n\n<p><\/p>\n\n\n\n<p class=\"has-medium-font-size\"><strong>Et le diag d\u00e9chets (maintenant PEMD) dans tout \u00e7a ?<\/strong><\/p>\n\n\n\n<p>Le r\u00e9emploi, le recyclage et la valorisation sont des questions qui nous concernent tous. Le r\u00e9emploi, c&rsquo;est conserver ou vendre ce qui fonctionne et qui peut encore servir pour d&rsquo;autres.<\/p>\n\n\n\n<p>Les d\u00e9chets de chantier repr\u00e9sentent environ 46 millions de tonnes tous travaux confondus (d\u00e9molition et construction), on comprend vite qu&rsquo;il est imp\u00e9ratif de limiter la production de d\u00e9chets pour prot\u00e9ger la plan\u00e8te et r\u00e9duire les co\u00fbts.&nbsp;<\/p>\n\n\n\n<p>Comment ?\u00a0 En r\u00e9employant, en triant minutieusement  tout ce qui ne peut \u00eatre r\u00e9employ\u00e9 pour assurer le recyclage.<\/p>\n\n\n\n<p><\/p>\n\n\n\n<figure class=\"wp-block-pullquote\" style=\"border-style:none;border-width:0px\"><blockquote><p>Avec A<sup>2<\/sup>, je veux cr\u00e9er plus de pragmatisme dans les rapports et cr\u00e9er du lien entre les rapports et leurs exploitations.<\/p><p>A<sup>2<\/sup> cr\u00e9ateur de liens !<\/p><\/blockquote><\/figure>\n","protected":false},"excerpt":{"rendered":"<p>En bref ! Apr\u00e8s un Master en QHSE au Conservatoire National des Arts et M\u00e9tiers et une carri\u00e8re de 7 ann\u00e9es en diagnostic amiante, j&rsquo;ai d\u00e9cid\u00e9 de cr\u00e9er A\u00b2. A\u00b2 pour continuer de r\u00e9aliser des diagnostics amiante pour permettre la s\u00e9curit\u00e9 des intervenants et le PEMD pour r\u00e9employer davantage et contribuer au d\u00e9veloppement durable. Deux [&hellip;]<\/p>\n","protected":false},"author":2,"featured_media":0,"parent":0,"menu_order":0,"comment_status":"closed","ping_status":"closed","template":"","meta":{"_uag_custom_page_level_css":"","footnotes":""},"class_list":["post-621","page","type-page","status-publish","hentry"],"blocksy_meta":{"styles_descriptor":{"styles":{"desktop":"","tablet":"","mobile":""},"google_fonts":[],"version":5}},"uagb_featured_image_src":{"full":false,"thumbnail":false,"medium":false,"medium_large":false,"large":false,"1536x1536":false,"2048x2048":false},"uagb_author_info":{"display_name":"admin9500","author_link":"https:\/\/acarre.eu\/index.php\/author\/admin9500\/"},"uagb_comment_info":0,"uagb_excerpt":"En bref ! Apr\u00e8s un Master en QHSE au Conservatoire National des Arts et M\u00e9tiers et une carri\u00e8re de 7 ann\u00e9es en diagnostic amiante, j&rsquo;ai d\u00e9cid\u00e9 de cr\u00e9er A\u00b2. A\u00b2 pour continuer de r\u00e9aliser des diagnostics amiante pour permettre la s\u00e9curit\u00e9 des intervenants et le PEMD pour r\u00e9employer davantage et contribuer au d\u00e9veloppement durable. Deux\u2026","_links":{"self":[{"href":"https:\/\/acarre.eu\/index.php\/wp-json\/wp\/v2\/pages\/621","targetHints":{"allow":["GET"]}}],"collection":[{"href":"https:\/\/acarre.eu\/index.php\/wp-json\/wp\/v2\/pages"}],"about":[{"href":"https:\/\/acarre.eu\/index.php\/wp-json\/wp\/v2\/types\/page"}],"author":[{"embeddable":true,"href":"https:\/\/acarre.eu\/index.php\/wp-json\/wp\/v2\/users\/2"}],"replies":[{"embeddable":true,"href":"https:\/\/acarre.eu\/index.php\/wp-json\/wp\/v2\/comments?post=621"}],"version-history":[{"count":9,"href":"https:\/\/acarre.eu\/index.php\/wp-json\/wp\/v2\/pages\/621\/revisions"}],"predecessor-version":[{"id":1015,"href":"https:\/\/acarre.eu\/index.php\/wp-json\/wp\/v2\/pages\/621\/revisions\/1015"}],"wp:attachment":[{"href":"https:\/\/acarre.eu\/index.php\/wp-json\/wp\/v2\/media?parent=621"}],"curies":[{"name":"wp","href":"https:\/\/api.w.org\/{rel}","templated":true}]}}