{"id":1601,"date":"2026-02-25T19:38:09","date_gmt":"2026-02-25T18:38:09","guid":{"rendered":"https:\/\/acarre.eu\/?page_id=1601"},"modified":"2026-02-26T12:14:35","modified_gmt":"2026-02-26T11:14:35","slug":"1601-2","status":"publish","type":"page","link":"https:\/\/acarre.eu\/index.php\/1601-2\/","title":{"rendered":"Accompagnement"},"content":{"rendered":"\n<div class=\"wp-block-uagb-container uagb-block-9a16a386 alignfull uagb-is-root-container\"><div class=\"uagb-container-inner-blocks-wrap\">\n<div style=\"height:50px\" aria-hidden=\"true\" class=\"wp-block-spacer\"><\/div>\n\n\n\n<p class=\"has-text-align-center has-text-color has-link-color has-small-font-size wp-elements-e621b45f400ea78c19e2add7e1e6b5e2\" style=\"color:#008299\"><strong>ACCOMPAGNEMENT DES ENTREPRISES TRAVAUX<\/strong><\/p>\n\n\n\n<div class=\"wp-block-uagb-advanced-heading uagb-block-5e113e5a\"><h2 class=\"uagb-heading-text\">Structurez votre entreprise.&nbsp;Ma\u00eetrisez le risque amiante.<\/h2><\/div>\n\n\n\n<p class=\"has-text-align-center has-palette-color-7-color has-text-color has-link-color has-medium-font-size wp-elements-36692c468d2a2cc432e51fe911613b04\">Un accompagnement sur-mesure pour les entreprises de d\u00e9samiantage et sous-section 4 qui veulent se structurer, se certifier et performer durablement.<\/p>\n\n\n\n<div style=\"height:50px\" aria-hidden=\"true\" class=\"wp-block-spacer\"><\/div>\n<\/div><\/div>\n\n\n\n<p><\/p>\n\n\n\n<div class=\"wp-block-uagb-container uagb-block-9e8a99e1 alignfull uagb-is-root-container\"><div class=\"uagb-container-inner-blocks-wrap\">\n<div class=\"wp-block-uagb-container uagb-block-31ae2198\">\n<p class=\"has-text-align-center has-text-color has-link-color has-small-font-size wp-elements-a8883e52d58a931f510166008d8884c7\" style=\"color:#008299\">NOTRE OFFRE<\/p>\n\n\n\n<div class=\"wp-block-uagb-advanced-heading uagb-block-cb03018a\"><h2 class=\"uagb-heading-text\">Un accompagnement complet, du terrain \u00e0 la certification<\/h2><\/div>\n\n\n\n<p class=\"has-text-align-center\">Chaque axe de notre accompagnement est con\u00e7u pour renforcer votre structure, s\u00e9curiser vos pratiques et vous diff\u00e9rencier sur le march\u00e9.<\/p>\n<\/div>\n<\/div><\/div>\n\n\n\n<p><\/p>\n\n\n\n<div class=\"wp-block-uagb-container uagb-block-4f7ee6b1 alignfull uagb-is-root-container\"><div class=\"uagb-container-inner-blocks-wrap\">\n<div class=\"wp-block-uagb-container uagb-block-7320ef04\">      \n\t\t\t<div class=\"uagb-icon-wrapper uagb-block-4d574ba8      \"\n\t\t\tstyle=\"\" >\n\t\t\t\t\t\t\t\t\t<span class=\"uagb-svg-wrapper\" \n\t\t\t\t\t aria-label=\"medal\"\t\t\t\t\ttabindex=\"0\">\t\t\n\t\t\t\t\t\t\t\t\t\t<svg xmlns=\"https:\/\/www.w3.org\/2000\/svg\" viewBox= \"0 0 512 512\" role=\"graphics-symbol\" aria-hidden=\"false\" aria-label=\"\"><path d=\"M223.7 130.8L149.1 7.77C147.1 2.949 141.9 0 136.3 0H16.03c-12.95 0-20.53 14.58-13.1 25.18l111.3 158.9C143.9 156.4 181.7 137.3 223.7 130.8zM256 160c-97.25 0-176 78.75-176 176S158.8 512 256 512s176-78.75 176-176S353.3 160 256 160zM348.5 317.3l-37.88 37l8.875 52.25c1.625 9.25-8.25 16.5-16.63 12l-46.88-24.62L209.1 418.5c-8.375 4.5-18.25-2.75-16.63-12l8.875-52.25l-37.88-37C156.6 310.6 160.5 299 169.9 297.6l52.38-7.625L245.7 242.5c2-4.25 6.125-6.375 10.25-6.375S264.2 238.3 266.2 242.5l23.5 47.5l52.38 7.625C351.6 299 355.4 310.6 348.5 317.3zM495.1 0H375.7c-5.621 0-10.83 2.949-13.72 7.77l-73.76 122.1c42 6.5 79.88 25.62 109.5 53.38l111.3-158.9C516.5 14.58 508.9 0 495.1 0z\"><\/path><\/svg>\n\t\t\t\t\t\t\t\t\t<\/span>\n\t\t\t\t\t\t\t<\/div>\n\t\t\t\n\n\n<div class=\"wp-block-uagb-advanced-heading uagb-block-bd7291cb\"><h6 class=\"uagb-heading-text\">Structure et pr\u00e9paration<\/h6><\/div>\n\n\n\n<p>Nous vous pr\u00e9parons \u00e0 l&rsquo;audit de certification amiante. Revue documentaire, audits blanc, correction des \u00e9carts.<\/p>\n<\/div>\n\n\n\n<div class=\"wp-block-uagb-container uagb-block-560ae2da\">      \n\t\t\t<div class=\"uagb-icon-wrapper uagb-block-5461d78d      \"\n\t\t\tstyle=\"\" >\n\t\t\t\t\t\t\t\t\t<span class=\"uagb-svg-wrapper\" \n\t\t\t\t\t aria-label=\"file-lines\"\t\t\t\t\ttabindex=\"0\">\t\t\n\t\t\t\t\t\t\t\t\t\t<svg xmlns=\"https:\/\/www.w3.org\/2000\/svg\" viewBox= \"0 0 384 512\" role=\"graphics-symbol\" aria-hidden=\"false\" aria-label=\"\"><path d=\"M256 0v128h128L256 0zM224 128L224 0H48C21.49 0 0 21.49 0 48v416C0 490.5 21.49 512 48 512h288c26.51 0 48-21.49 48-48V160h-127.1C238.3 160 224 145.7 224 128zM272 416h-160C103.2 416 96 408.8 96 400C96 391.2 103.2 384 112 384h160c8.836 0 16 7.162 16 16C288 408.8 280.8 416 272 416zM272 352h-160C103.2 352 96 344.8 96 336C96 327.2 103.2 320 112 320h160c8.836 0 16 7.162 16 16C288 344.8 280.8 352 272 352zM288 272C288 280.8 280.8 288 272 288h-160C103.2 288 96 280.8 96 272C96 263.2 103.2 256 112 256h160C280.8 256 288 263.2 288 272z\"><\/path><\/svg>\n\t\t\t\t\t\t\t\t\t<\/span>\n\t\t\t\t\t\t\t<\/div>\n\t\t\t\n\n\n<div class=\"wp-block-uagb-advanced-heading uagb-block-eeb2c742\"><h6 class=\"uagb-heading-text\">Suivi r\u00e9glementaire<\/h6><\/div>\n\n\n\n<p>Veille permanente sur les \u00e9volutions r\u00e9glementaires amiante. Vous \u00eates inform\u00e9 et mis en conformit\u00e9 avant m\u00eame les contr\u00f4les.<\/p>\n<\/div>\n\n\n\n<div class=\"wp-block-uagb-container uagb-block-e831e591\">      \n\t\t\t<div class=\"uagb-icon-wrapper uagb-block-435a8699      \"\n\t\t\tstyle=\"\" >\n\t\t\t\t\t\t\t\t\t<span class=\"uagb-svg-wrapper\" \n\t\t\t\t\t aria-label=\"chart-line\"\t\t\t\t\ttabindex=\"0\">\t\t\n\t\t\t\t\t\t\t\t\t\t<svg xmlns=\"https:\/\/www.w3.org\/2000\/svg\" viewBox= \"0 0 512 512\" role=\"graphics-symbol\" aria-hidden=\"false\" aria-label=\"\"><path d=\"M64 400C64 408.8 71.16 416 80 416H480C497.7 416 512 430.3 512 448C512 465.7 497.7 480 480 480H80C35.82 480 0 444.2 0 400V64C0 46.33 14.33 32 32 32C49.67 32 64 46.33 64 64V400zM342.6 278.6C330.1 291.1 309.9 291.1 297.4 278.6L240 221.3L150.6 310.6C138.1 323.1 117.9 323.1 105.4 310.6C92.88 298.1 92.88 277.9 105.4 265.4L217.4 153.4C229.9 140.9 250.1 140.9 262.6 153.4L320 210.7L425.4 105.4C437.9 92.88 458.1 92.88 470.6 105.4C483.1 117.9 483.1 138.1 470.6 150.6L342.6 278.6z\"><\/path><\/svg>\n\t\t\t\t\t\t\t\t\t<\/span>\n\t\t\t\t\t\t\t<\/div>\n\t\t\t\n\n\n<div class=\"wp-block-uagb-advanced-heading uagb-block-8ef8e953\"><h6 class=\"uagb-heading-text\">Am\u00e9lioration continue<\/h6><\/div>\n\n\n\n<p>Nous structurons vos processus pour une progression constante : indicateurs, revues de direction, plans d&rsquo;action correctifs.<\/p>\n<\/div>\n<\/div><\/div>\n\n\n\n<p><\/p>\n\n\n\n<div class=\"wp-block-uagb-container uagb-block-e278eaee alignfull uagb-is-root-container\"><div class=\"uagb-container-inner-blocks-wrap\">\n<div class=\"wp-block-uagb-container uagb-block-d048d61b\">\n<p class=\"has-text-align-center has-text-color has-link-color has-small-font-size wp-elements-fcd214c7ab9327d5d35bb868dd7db0b8\" style=\"color:#008299\">OFFRE PREMIUM<\/p>\n\n\n\n<div class=\"wp-block-uagb-advanced-heading uagb-block-29c4eed2\"><h2 class=\"uagb-heading-text\">Pourquoi choisir l&rsquo;accompagnement A Carr\u00e9 ?<\/h2><\/div>\n<\/div>\n\n\n\n<div class=\"wp-block-uagb-container uagb-block-6abe5f25\">\n<div class=\"wp-block-uagb-container uagb-block-1029191f\">\n<div class=\"wp-block-uagb-icon-list uagb-block-cb41f4e3\"><div class=\"uagb-icon-list__wrap\">\n<div class=\"wp-block-uagb-icon-list-child uagb-block-9c7d3028\"><span class=\"uagb-icon-list__source-wrap\"><svg xmlns=\"https:\/\/www.w3.org\/2000\/svg\" viewBox=\"0 0 448 512\"><path d=\"M438.6 105.4C451.1 117.9 451.1 138.1 438.6 150.6L182.6 406.6C170.1 419.1 149.9 419.1 137.4 406.6L9.372 278.6C-3.124 266.1-3.124 245.9 9.372 233.4C21.87 220.9 42.13 220.9 54.63 233.4L159.1 338.7L393.4 105.4C405.9 92.88 426.1 92.88 438.6 105.4H438.6z\"><\/path><\/svg><\/span><span class=\"uagb-icon-list__label\">Expertise issue du terrain, pas d&rsquo;un bureau d&rsquo;\u00e9tudes g\u00e9n\u00e9raliste<\/span><\/div>\n\n\n\n<div class=\"wp-block-uagb-icon-list-child uagb-block-f8becf68\"><span class=\"uagb-icon-list__source-wrap\"><svg xmlns=\"https:\/\/www.w3.org\/2000\/svg\" viewBox=\"0 0 448 512\"><path d=\"M438.6 105.4C451.1 117.9 451.1 138.1 438.6 150.6L182.6 406.6C170.1 419.1 149.9 419.1 137.4 406.6L9.372 278.6C-3.124 266.1-3.124 245.9 9.372 233.4C21.87 220.9 42.13 220.9 54.63 233.4L159.1 338.7L393.4 105.4C405.9 92.88 426.1 92.88 438.6 105.4H438.6z\"><\/path><\/svg><\/span><span class=\"uagb-icon-list__label\">M\u00e9thodologie \u00e9prouv\u00e9e sur des dizaines d&rsquo;entreprises<\/span><\/div>\n\n\n\n<div class=\"wp-block-uagb-icon-list-child uagb-block-68ba3ad7\"><span class=\"uagb-icon-list__source-wrap\"><svg xmlns=\"https:\/\/www.w3.org\/2000\/svg\" viewBox=\"0 0 448 512\"><path d=\"M438.6 105.4C451.1 117.9 451.1 138.1 438.6 150.6L182.6 406.6C170.1 419.1 149.9 419.1 137.4 406.6L9.372 278.6C-3.124 266.1-3.124 245.9 9.372 233.4C21.87 220.9 42.13 220.9 54.63 233.4L159.1 338.7L393.4 105.4C405.9 92.88 426.1 92.88 438.6 105.4H438.6z\"><\/path><\/svg><\/span><span class=\"uagb-icon-list__label\">Accompagnement personnalis\u00e9 avec un interlocuteur d\u00e9di\u00e9<\/span><\/div>\n\n\n\n<div class=\"wp-block-uagb-icon-list-child uagb-block-c69f2cf1\"><span class=\"uagb-icon-list__source-wrap\"><svg xmlns=\"https:\/\/www.w3.org\/2000\/svg\" viewBox=\"0 0 448 512\"><path d=\"M438.6 105.4C451.1 117.9 451.1 138.1 438.6 150.6L182.6 406.6C170.1 419.1 149.9 419.1 137.4 406.6L9.372 278.6C-3.124 266.1-3.124 245.9 9.372 233.4C21.87 220.9 42.13 220.9 54.63 233.4L159.1 338.7L393.4 105.4C405.9 92.88 426.1 92.88 438.6 105.4H438.6z\"><\/path><\/svg><\/span><span class=\"uagb-icon-list__label\">Vision strat\u00e9gique int\u00e9grant l&rsquo;IA et l&rsquo;innovation<\/span><\/div>\n\n\n\n<div class=\"wp-block-uagb-icon-list-child uagb-block-217dcb64\"><span class=\"uagb-icon-list__source-wrap\"><svg xmlns=\"https:\/\/www.w3.org\/2000\/svg\" viewBox=\"0 0 448 512\"><path d=\"M438.6 105.4C451.1 117.9 451.1 138.1 438.6 150.6L182.6 406.6C170.1 419.1 149.9 419.1 137.4 406.6L9.372 278.6C-3.124 266.1-3.124 245.9 9.372 233.4C21.87 220.9 42.13 220.9 54.63 233.4L159.1 338.7L393.4 105.4C405.9 92.88 426.1 92.88 438.6 105.4H438.6z\"><\/path><\/svg><\/span><span class=\"uagb-icon-list__label\">R\u00e9sultats mesurables : taux de r\u00e9ussite aux audits, gains de productivit\u00e9<\/span><\/div>\n<\/div><\/div>\n<\/div>\n\n\n\n<div class=\"wp-block-uagb-container uagb-block-1396b01f\">\n<div class=\"wp-block-uagb-advanced-heading uagb-block-2325eda6\"><h6 class=\"uagb-heading-text\">L&rsquo;accompagnement qui fait la diff\u00e9rence<\/h6><\/div>\n\n\n\n<div class=\"wp-block-uagb-container uagb-block-0fa790fc\">\n<p>Nos clients ne cherchent pas un consultant de plus. Ils veulent un partenaire qui comprend leur m\u00e9tier, leurs contraintes et leurs ambitions. C&rsquo;est exactement ce que nous offrons : un accompagnement ancr\u00e9 dans la r\u00e9alit\u00e9 du d\u00e9samiantage.<\/p>\n<\/div>\n<\/div>\n<\/div>\n<\/div><\/div>\n\n\n\n<p><\/p>\n","protected":false},"excerpt":{"rendered":"<p>ACCOMPAGNEMENT DES ENTREPRISES TRAVAUX Structurez votre entreprise.&nbsp;Ma\u00eetrisez le risque amiante. Un accompagnement sur-mesure pour les entreprises de d\u00e9samiantage et sous-section 4 qui veulent se structurer, se certifier et performer durablement. NOTRE OFFRE Un accompagnement complet, du terrain \u00e0 la certification Chaque axe de notre accompagnement est con\u00e7u pour renforcer votre structure, s\u00e9curiser vos pratiques et [&hellip;]<\/p>\n","protected":false},"author":1,"featured_media":0,"parent":0,"menu_order":0,"comment_status":"closed","ping_status":"closed","template":"","meta":{"_uag_custom_page_level_css":"","footnotes":""},"class_list":["post-1601","page","type-page","status-publish","hentry"],"blocksy_meta":{"has_hero_section":"enabled","hero_elements":[{"id":"custom_title","enabled":false,"heading_tag":"h1","title":"Accueil","__id":"ww1V9HLWi43bOtaf9rViN"},{"id":"custom_description","enabled":true,"description_visibility":{"desktop":true,"tablet":true,"mobile":false},"__id":"pXRdO6-BKWMv2feHIWQs3"},{"id":"custom_meta","enabled":false,"meta_elements":[{"id":"author","enabled":true,"label":"Par","has_author_avatar":"yes","avatar_size":25},{"id":"post_date","enabled":true,"label":"Sur","date_format_source":"default","date_format":"M j, Y"},{"id":"updated_date","enabled":false,"label":"Sur","date_format_source":"default","date_format":"M j, Y"},{"id":"categories","enabled":false,"label":"Dans","style":"simple"},{"id":"comments","enabled":true}],"page_meta_elements":{"joined":true,"articles_count":true,"comments":true},"__id":"AZtGog54wdqKHIpC7j7HM"},{"id":"breadcrumbs","enabled":false,"__id":"z_S2-9Zn0iTae71gPJSn0"}],"styles_descriptor":{"styles":{"desktop":"[data-prefix=\"single_page\"] .entry-header .page-title {--fontSize:30px;} [data-prefix=\"single_page\"] .entry-header .entry-meta {--fontWeight:600;--textTransform:uppercase;--fontSize:12px;--lineHeight:1.3;}","tablet":"","mobile":""},"google_fonts":[],"version":5}},"uagb_featured_image_src":{"full":false,"thumbnail":false,"medium":false,"medium_large":false,"large":false,"1536x1536":false,"2048x2048":false},"uagb_author_info":{"display_name":"Antoine","author_link":"https:\/\/acarre.eu\/index.php\/author\/admin1530\/"},"uagb_comment_info":0,"uagb_excerpt":"ACCOMPAGNEMENT DES ENTREPRISES TRAVAUX Structurez votre entreprise.&nbsp;Ma\u00eetrisez le risque amiante. Un accompagnement sur-mesure pour les entreprises de d\u00e9samiantage et sous-section 4 qui veulent se structurer, se certifier et performer durablement. NOTRE OFFRE Un accompagnement complet, du terrain \u00e0 la certification Chaque axe de notre accompagnement est con\u00e7u pour renforcer votre structure, s\u00e9curiser vos pratiques et\u2026","_links":{"self":[{"href":"https:\/\/acarre.eu\/index.php\/wp-json\/wp\/v2\/pages\/1601","targetHints":{"allow":["GET"]}}],"collection":[{"href":"https:\/\/acarre.eu\/index.php\/wp-json\/wp\/v2\/pages"}],"about":[{"href":"https:\/\/acarre.eu\/index.php\/wp-json\/wp\/v2\/types\/page"}],"author":[{"embeddable":true,"href":"https:\/\/acarre.eu\/index.php\/wp-json\/wp\/v2\/users\/1"}],"replies":[{"embeddable":true,"href":"https:\/\/acarre.eu\/index.php\/wp-json\/wp\/v2\/comments?post=1601"}],"version-history":[{"count":9,"href":"https:\/\/acarre.eu\/index.php\/wp-json\/wp\/v2\/pages\/1601\/revisions"}],"predecessor-version":[{"id":1642,"href":"https:\/\/acarre.eu\/index.php\/wp-json\/wp\/v2\/pages\/1601\/revisions\/1642"}],"wp:attachment":[{"href":"https:\/\/acarre.eu\/index.php\/wp-json\/wp\/v2\/media?parent=1601"}],"curies":[{"name":"wp","href":"https:\/\/api.w.org\/{rel}","templated":true}]}}