{"id":1582,"date":"2026-02-24T15:40:10","date_gmt":"2026-02-24T14:40:10","guid":{"rendered":"https:\/\/acarre.eu\/?page_id=1582"},"modified":"2026-02-26T14:51:51","modified_gmt":"2026-02-26T13:51:51","slug":"1582-2","status":"publish","type":"page","link":"https:\/\/acarre.eu\/","title":{"rendered":"Acceuil"},"content":{"rendered":"\n<div class=\"wp-block-uagb-container uagb-block-1a9220ae alignfull uagb-is-root-container\"><div class=\"uagb-container-inner-blocks-wrap\">\n<div class=\"wp-block-uagb-container uagb-block-0545aad2\">\n<div style=\"height:50px\" aria-hidden=\"true\" class=\"wp-block-spacer\"><\/div>\n\n\n\n<div class=\"wp-block-uagb-advanced-heading uagb-block-d8d764b8\"><h2 class=\"uagb-heading-text\">Ma\u00eetrisez le risque amiante.&nbsp;S\u00e9curisez vos op\u00e9rations.<\/h2><\/div>\n\n\n\n<p class=\"has-text-align-center has-palette-color-8-color has-text-color has-link-color has-medium-font-size wp-elements-179c44554df50eb008fe7b58d00d5b75\">A Carr\u00e9 accompagne les entreprises du b\u00e2timent dans la gestion du risque amiante : formation, ma\u00eetrise d&rsquo;\u0153uvre, accompagnement r\u00e9glementaire et int\u00e9gration de l&rsquo;IA.<\/p>\n\n\n\n<div style=\"height:50px\" aria-hidden=\"true\" class=\"wp-block-spacer\"><\/div>\n<\/div>\n<\/div><\/div>\n\n\n\n<p><\/p>\n\n\n\n<div class=\"wp-block-columns is-layout-flex wp-container-core-columns-is-layout-28f84493 wp-block-columns-is-layout-flex\"><\/div>\n\n\n\n<p><\/p>\n\n\n\n<div class=\"wp-block-uagb-container uagb-block-c81e9c81 alignfull uagb-is-root-container\"><div class=\"uagb-container-inner-blocks-wrap\">\n<div class=\"wp-block-uagb-container uagb-block-64c7d893\">\n<p class=\"has-text-align-center has-text-color has-link-color has-small-font-size wp-elements-8109895fc608432e4121c1c3ad66b0f2\" style=\"color:#008299;font-style:normal;font-weight:600;line-height:1.5\">LE CONSTAT :<\/p>\n\n\n\n<div class=\"wp-block-uagb-advanced-heading uagb-block-ab119a83\"><h2 class=\"uagb-heading-text\">Le risque amiante ne pardonne pas l&rsquo;approximation<\/h2><\/div>\n\n\n\n<p class=\"has-text-align-center\">R\u00e9glementation complexe, audits exigeants, responsabilit\u00e9s p\u00e9nales : chaque erreur peut co\u00fbter cher. Vos \u00e9quipes m\u00e9ritent un partenaire expert qui comprend le terrain.<\/p>\n<\/div>\n<\/div><\/div>\n\n\n\n<p><\/p>\n\n\n\n<div class=\"wp-block-uagb-container uagb-block-631369bc alignfull uagb-is-root-container\"><div class=\"uagb-container-inner-blocks-wrap\">\n<div class=\"wp-block-uagb-container uagb-block-2fa0f71d\">      \n\t\t\t<div class=\"uagb-icon-wrapper uagb-block-5ba4db18      \"\n\t\t\tstyle=\"\" >\n\t\t\t\t\t\t\t\t\t<span class=\"uagb-svg-wrapper\" \n\t\t\t\t\t aria-label=\"simplybuilt\"\t\t\t\t\ttabindex=\"0\">\t\t\n\t\t\t\t\t\t\t\t\t\t<svg xmlns=\"https:\/\/www.w3.org\/2000\/svg\" viewBox= \"0 0 512 512\" role=\"graphics-symbol\" aria-hidden=\"false\" aria-label=\"\"><path d=\"M481.2 64h-106c-14.5 0-26.6 11.8-26.6 26.3v39.6H163.3V90.3c0-14.5-12-26.3-26.6-26.3h-106C16.1 64 4.3 75.8 4.3 90.3v331.4c0 14.5 11.8 26.3 26.6 26.3h450.4c14.8 0 26.6-11.8 26.6-26.3V90.3c-.2-14.5-12-26.3-26.7-26.3zM149.8 355.8c-36.6 0-66.4-29.7-66.4-66.4 0-36.9 29.7-66.6 66.4-66.6 36.9 0 66.6 29.7 66.6 66.6 0 36.7-29.7 66.4-66.6 66.4zm212.4 0c-36.9 0-66.6-29.7-66.6-66.6 0-36.6 29.7-66.4 66.6-66.4 36.6 0 66.4 29.7 66.4 66.4 0 36.9-29.8 66.6-66.4 66.6z\"><\/path><\/svg>\n\t\t\t\t\t\t\t\t\t<\/span>\n\t\t\t\t\t\t\t<\/div>\n\t\t\t\n\n\n<div class=\"wp-block-uagb-advanced-heading uagb-block-5ca3d6a5\"><h4 class=\"uagb-heading-text\">Donneurs d&rsquo;ordres<\/h4><\/div>\n\n\n\n<p>S\u00e9curisez vos march\u00e9s et prot\u00e9gez votre responsabilit\u00e9 juridique avec un pilotage amiante rigoureux.<\/p>\n<\/div>\n\n\n\n<div class=\"wp-block-uagb-container uagb-block-a5f1d0cf\">      \n\t\t\t<div class=\"uagb-icon-wrapper uagb-block-af18c7bb      \"\n\t\t\tstyle=\"\" >\n\t\t\t\t\t\t\t\t\t<span class=\"uagb-svg-wrapper\" \n\t\t\t\t\t aria-label=\"helmet-safety\"\t\t\t\t\ttabindex=\"0\">\t\t\n\t\t\t\t\t\t\t\t\t\t<svg xmlns=\"https:\/\/www.w3.org\/2000\/svg\" viewBox= \"0 0 576 512\" role=\"graphics-symbol\" aria-hidden=\"false\" aria-label=\"\"><path d=\"M544 280.9c0-89.17-61.83-165.4-139.6-197.4L352 174.2V49.78C352 39.91 344.1 32 334.2 32H241.8C231.9 32 224 39.91 224 49.78v124.4L171.6 83.53C93.83 115.5 32 191.7 32 280.9L31.99 352h512L544 280.9zM574.7 393.7C572.2 387.8 566.4 384 560 384h-544c-6.375 0-12.16 3.812-14.69 9.656c-2.531 5.875-1.344 12.69 3.062 17.34C7.031 413.8 72.02 480 287.1 480s280.1-66.19 283.6-69C576 406.3 577.2 399.5 574.7 393.7z\"><\/path><\/svg>\n\t\t\t\t\t\t\t\t\t<\/span>\n\t\t\t\t\t\t\t<\/div>\n\t\t\t\n\n\n<div class=\"wp-block-uagb-advanced-heading uagb-block-6f84307d\"><h4 class=\"uagb-heading-text\">Entreprises de travaux<\/h4><\/div>\n\n\n\n<p>Passez vos audits en toute confiance gr\u00e2ce \u00e0 une pr\u00e9paration m\u00e9thodique et un accompagnement terrain.<\/p>\n<\/div>\n\n\n\n<div class=\"wp-block-uagb-container uagb-block-38bdaebe\">      \n\t\t\t<div class=\"uagb-icon-wrapper uagb-block-43cbeaa4      \"\n\t\t\tstyle=\"\" >\n\t\t\t\t\t\t\t\t\t<span class=\"uagb-svg-wrapper\" \n\t\t\t\t\t aria-label=\"user-group\"\t\t\t\t\ttabindex=\"0\">\t\t\n\t\t\t\t\t\t\t\t\t\t<svg xmlns=\"https:\/\/www.w3.org\/2000\/svg\" viewBox= \"0 0 640 512\" role=\"graphics-symbol\" aria-hidden=\"false\" aria-label=\"\"><path d=\"M224 256c70.7 0 128-57.31 128-128S294.7 0 224 0C153.3 0 96 57.31 96 128S153.3 256 224 256zM274.7 304H173.3c-95.73 0-173.3 77.6-173.3 173.3C0 496.5 15.52 512 34.66 512H413.3C432.5 512 448 496.5 448 477.3C448 381.6 370.4 304 274.7 304zM479.1 320h-73.85C451.2 357.7 480 414.1 480 477.3C480 490.1 476.2 501.9 470 512h138C625.7 512 640 497.6 640 479.1C640 391.6 568.4 320 479.1 320zM432 256C493.9 256 544 205.9 544 144S493.9 32 432 32c-25.11 0-48.04 8.555-66.72 22.51C376.8 76.63 384 101.4 384 128c0 35.52-11.93 68.14-31.59 94.71C372.7 243.2 400.8 256 432 256z\"><\/path><\/svg>\n\t\t\t\t\t\t\t\t\t<\/span>\n\t\t\t\t\t\t\t<\/div>\n\t\t\t\n\n\n<div class=\"wp-block-uagb-advanced-heading uagb-block-21446ecf\"><h4 class=\"uagb-heading-text\">Sous-section 4<\/h4><\/div>\n\n\n\n<p>Formez vos \u00e9quipes amiante et structurez vos processus pour intervenir en conformit\u00e9 totale et sans risque.<\/p>\n<\/div>\n<\/div><\/div>\n\n\n\n<p><\/p>\n\n\n\n<div class=\"wp-block-uagb-container uagb-block-5dcff839 alignfull uagb-is-root-container\"><div class=\"uagb-container-inner-blocks-wrap\">\n<div class=\"wp-block-uagb-container uagb-block-c4f3ea0d\">\n<p class=\"has-text-align-center has-text-color has-link-color has-small-font-size wp-elements-e6e036c13bb7cf7b44ae487b04a2d304\" style=\"color:#008299;font-style:normal;font-weight:600;line-height:1.3\">NOS EXPERTISES :<\/p>\n\n\n\n<div class=\"wp-block-uagb-advanced-heading uagb-block-36bcab4f\"><h2 class=\"uagb-heading-text\">Des solutions concr\u00e8tes pour les enjeux amiante<\/h2><\/div>\n<\/div>\n<\/div><\/div>\n\n\n\n<div class=\"wp-block-uagb-container uagb-block-511e9c8a alignfull uagb-is-root-container\"><div class=\"uagb-container-inner-blocks-wrap\">\n<div class=\"wp-block-uagb-container uagb-block-110fc32b\">      \n\t\t\t<div class=\"uagb-icon-wrapper uagb-block-bacf66df      \"\n\t\t\tstyle=\"\" >\n\t\t\t\t\t\t\t\t\t<span class=\"uagb-svg-wrapper\" \n\t\t\t\t\t aria-label=\"book-open\"\t\t\t\t\ttabindex=\"0\">\t\t\n\t\t\t\t\t\t\t\t\t\t<svg xmlns=\"https:\/\/www.w3.org\/2000\/svg\" viewBox= \"0 0 576 512\" role=\"graphics-symbol\" aria-hidden=\"false\" aria-label=\"\"><path d=\"M144.3 32.04C106.9 31.29 63.7 41.44 18.6 61.29c-11.42 5.026-18.6 16.67-18.6 29.15l0 357.6c0 11.55 11.99 19.55 22.45 14.65c126.3-59.14 219.8 11 223.8 14.01C249.1 478.9 252.5 480 256 480c12.4 0 16-11.38 16-15.98V80.04c0-5.203-2.531-10.08-6.781-13.08C263.3 65.58 216.7 33.35 144.3 32.04zM557.4 61.29c-45.11-19.79-88.48-29.61-125.7-29.26c-72.44 1.312-118.1 33.55-120.9 34.92C306.5 69.96 304 74.83 304 80.04v383.1C304 468.4 307.5 480 320 480c3.484 0 6.938-1.125 9.781-3.328c3.925-3.018 97.44-73.16 223.8-14c10.46 4.896 22.45-3.105 22.45-14.65l.0001-357.6C575.1 77.97 568.8 66.31 557.4 61.29z\"><\/path><\/svg>\n\t\t\t\t\t\t\t\t\t<\/span>\n\t\t\t\t\t\t\t<\/div>\n\t\t\t\n\n\n<div class=\"wp-block-uagb-advanced-heading uagb-block-2d68074d\"><h4 class=\"uagb-heading-text\">Formations<\/h4><\/div>\n\n\n\n<p>Amiante sous section 4, SST en condition amiante, risque plomb, et IA appliqu\u00e9e aux entreprises de d\u00e9samiantage. Des formations concr\u00e8tes, orient\u00e9es terrain.<\/p>\n\n\n\n<div class=\"wp-block-uagb-buttons uagb-buttons__outer-wrap uagb-btn__default-btn uagb-btn-tablet__default-btn uagb-btn-mobile__default-btn uagb-block-c7361652\"><div class=\"uagb-buttons__wrap uagb-buttons-layout-wrap \">\n<div class=\"wp-block-uagb-buttons-child uagb-buttons__outer-wrap uagb-block-166e3396 wp-block-button\"><div class=\"uagb-button__wrapper\"><a class=\"uagb-buttons-repeater wp-block-button__link\" aria-label=\"\" href=\"index.php\/1591-2\/\" rel=\"follow noopener\" target=\"_self\" role=\"button\"><div class=\"uagb-button__link\">En savoir plus \u2192<\/div><\/a><\/div><\/div>\n<\/div><\/div>\n<\/div>\n\n\n\n<div class=\"wp-block-uagb-container uagb-block-c1df86fc\">      \n\t\t\t<div class=\"uagb-icon-wrapper uagb-block-81f31ec5      \"\n\t\t\tstyle=\"\" >\n\t\t\t\t\t\t\t\t\t<span class=\"uagb-svg-wrapper\" \n\t\t\t\t\t aria-label=\"shield-halved\"\t\t\t\t\ttabindex=\"0\">\t\t\n\t\t\t\t\t\t\t\t\t\t<svg xmlns=\"https:\/\/www.w3.org\/2000\/svg\" viewBox= \"0 0 512 512\" role=\"graphics-symbol\" aria-hidden=\"false\" aria-label=\"\"><path d=\"M256-.0078C260.7-.0081 265.2 1.008 269.4 2.913L457.7 82.79C479.7 92.12 496.2 113.8 496 139.1C495.5 239.2 454.7 420.7 282.4 503.2C265.7 511.1 246.3 511.1 229.6 503.2C57.25 420.7 16.49 239.2 15.1 139.1C15.87 113.8 32.32 92.12 54.3 82.79L242.7 2.913C246.8 1.008 251.4-.0081 256-.0078V-.0078zM256 444.8C393.1 378 431.1 230.1 432 141.4L256 66.77L256 444.8z\"><\/path><\/svg>\n\t\t\t\t\t\t\t\t\t<\/span>\n\t\t\t\t\t\t\t<\/div>\n\t\t\t\n\n\n<div class=\"wp-block-uagb-advanced-heading uagb-block-985c7e9d\"><h4 class=\"uagb-heading-text\">Ma\u00eetrise d&rsquo;oeuvre &amp; AMO<\/h4><\/div>\n\n\n\n<p>Pilotage r\u00e9glementaire, s\u00e9curisation des op\u00e9rations, et r\u00e9duction des risques pour les donneurs d&rsquo;ordre. Ma\u00eetise des co\u00fbts, du planning et des responsabilit\u00e9s.<\/p>\n\n\n\n<div class=\"wp-block-uagb-buttons uagb-buttons__outer-wrap uagb-btn__default-btn uagb-btn-tablet__default-btn uagb-btn-mobile__default-btn uagb-block-97b97c5b\"><div class=\"uagb-buttons__wrap uagb-buttons-layout-wrap \">\n<div class=\"wp-block-uagb-buttons-child uagb-buttons__outer-wrap uagb-block-b6e4cc55 wp-block-button\"><div class=\"uagb-button__wrapper\"><a class=\"uagb-buttons-repeater wp-block-button__link\" aria-label=\"\" href=\"index.php\/1599-2\/\" rel=\"follow noopener\" target=\"_self\" role=\"button\"><div class=\"uagb-button__link\">En savoir plus \u2192<\/div><\/a><\/div><\/div>\n<\/div><\/div>\n<\/div>\n\n\n\n<div class=\"wp-block-uagb-container uagb-block-c61ed684\">      \n\t\t\t<div class=\"uagb-icon-wrapper uagb-block-b9f43537      \"\n\t\t\tstyle=\"\" >\n\t\t\t\t\t\t\t\t\t<span class=\"uagb-svg-wrapper\" \n\t\t\t\t\t aria-label=\"helmet-safety\"\t\t\t\t\ttabindex=\"0\">\t\t\n\t\t\t\t\t\t\t\t\t\t<svg xmlns=\"https:\/\/www.w3.org\/2000\/svg\" viewBox= \"0 0 576 512\" role=\"graphics-symbol\" aria-hidden=\"false\" aria-label=\"\"><path d=\"M544 280.9c0-89.17-61.83-165.4-139.6-197.4L352 174.2V49.78C352 39.91 344.1 32 334.2 32H241.8C231.9 32 224 39.91 224 49.78v124.4L171.6 83.53C93.83 115.5 32 191.7 32 280.9L31.99 352h512L544 280.9zM574.7 393.7C572.2 387.8 566.4 384 560 384h-544c-6.375 0-12.16 3.812-14.69 9.656c-2.531 5.875-1.344 12.69 3.062 17.34C7.031 413.8 72.02 480 287.1 480s280.1-66.19 283.6-69C576 406.3 577.2 399.5 574.7 393.7z\"><\/path><\/svg>\n\t\t\t\t\t\t\t\t\t<\/span>\n\t\t\t\t\t\t\t<\/div>\n\t\t\t\n\n\n<div class=\"wp-block-uagb-advanced-heading uagb-block-771eb9ba\"><h4 class=\"uagb-heading-text\">Accompagnement entreprises<\/h4><\/div>\n\n\n\n<p>Organisation documentaire, accompagnement \u00e0 la r\u00e9daction des documents, pr\u00e9paration aux audits des organisames certificateurs, mise en conformit\u00e9. <\/p>\n\n\n\n<div class=\"wp-block-uagb-buttons uagb-buttons__outer-wrap uagb-btn__default-btn uagb-btn-tablet__default-btn uagb-btn-mobile__default-btn uagb-block-c3343fc7\"><div class=\"uagb-buttons__wrap uagb-buttons-layout-wrap \">\n<div class=\"wp-block-uagb-buttons-child uagb-buttons__outer-wrap uagb-block-22c27dca wp-block-button\"><div class=\"uagb-button__wrapper\"><a class=\"uagb-buttons-repeater wp-block-button__link\" aria-label=\"\" href=\"index.php\/1601-2\/\" rel=\"follow noopener\" target=\"_self\" role=\"button\"><div class=\"uagb-button__link\"><strong>En savoir plus \u2192<\/strong><\/div><\/a><\/div><\/div>\n<\/div><\/div>\n<\/div>\n\n\n\n<div class=\"wp-block-uagb-container uagb-block-cbea1516\">      \n\t\t\t<div class=\"uagb-icon-wrapper uagb-block-b542a413      \"\n\t\t\tstyle=\"\" >\n\t\t\t\t\t\t\t\t\t<span class=\"uagb-svg-wrapper\" \n\t\t\t\t\t aria-label=\"brain\"\t\t\t\t\ttabindex=\"0\">\t\t\n\t\t\t\t\t\t\t\t\t\t<svg xmlns=\"https:\/\/www.w3.org\/2000\/svg\" viewBox= \"0 0 512 512\" role=\"graphics-symbol\" aria-hidden=\"false\" aria-label=\"\"><path d=\"M184 0C214.9 0 240 25.07 240 56V456C240 486.9 214.9 512 184 512C155.1 512 131.3 490.1 128.3 461.9C123.1 463.3 117.6 464 112 464C76.65 464 48 435.3 48 400C48 392.6 49.27 385.4 51.59 378.8C21.43 367.4 0 338.2 0 304C0 272.1 18.71 244.5 45.77 231.7C37.15 220.8 32 206.1 32 192C32 161.3 53.59 135.7 82.41 129.4C80.84 123.9 80 118 80 112C80 82.06 100.6 56.92 128.3 49.93C131.3 21.86 155.1 0 184 0zM383.7 49.93C411.4 56.92 432 82.06 432 112C432 118 431.2 123.9 429.6 129.4C458.4 135.7 480 161.3 480 192C480 206.1 474.9 220.8 466.2 231.7C493.3 244.5 512 272.1 512 304C512 338.2 490.6 367.4 460.4 378.8C462.7 385.4 464 392.6 464 400C464 435.3 435.3 464 400 464C394.4 464 388.9 463.3 383.7 461.9C380.7 490.1 356.9 512 328 512C297.1 512 272 486.9 272 456V56C272 25.07 297.1 0 328 0C356.9 0 380.7 21.86 383.7 49.93z\"><\/path><\/svg>\n\t\t\t\t\t\t\t\t\t<\/span>\n\t\t\t\t\t\t\t<\/div>\n\t\t\t\n\n\n<div class=\"wp-block-uagb-advanced-heading uagb-block-6e387af2\"><h4 class=\"uagb-heading-text\">Programme performance amiante<\/h4><\/div>\n\n\n\n<p>Notre offre signature int\u00e9grant formation, Intelligence artificielle, accompagnement, audits blancs et strat\u00e9gie pour une performance globale.<\/p>\n\n\n\n<p class=\"has-text-color has-link-color wp-elements-ea75f0dc683028d687172e9dac1d63e0\" style=\"color:#008299\"><strong>En savoir plus \u2192<\/strong><\/p>\n<\/div>\n<\/div><\/div>\n\n\n\n<p><\/p>\n\n\n\n<div class=\"wp-block-uagb-container uagb-block-9341e39a alignfull uagb-is-root-container\"><div class=\"uagb-container-inner-blocks-wrap\">\n<div class=\"wp-block-uagb-container uagb-block-750b9b57\">\n<div class=\"wp-block-uagb-advanced-heading uagb-block-714df0b1\"><h2 class=\"uagb-heading-text\">15+<\/h2><\/div>\n\n\n\n<p class=\"has-text-align-center has-palette-color-7-color has-text-color has-link-color wp-elements-59d256c148ad9590f992e78c0886a7fd\" style=\"line-height:1.5\">Ann\u00e9es d&rsquo;exp\u00e9rience sur le terrain<\/p>\n<\/div>\n\n\n\n<div class=\"wp-block-uagb-container uagb-block-749be0a3\">\n<div class=\"wp-block-uagb-advanced-heading uagb-block-ec0ee198\"><h2 class=\"uagb-heading-text\">200+<\/h2><\/div>\n\n\n\n<p class=\"has-text-align-center has-palette-color-7-color has-text-color has-link-color wp-elements-a0c4914f62253937032d312370ddd67f\">Professionnels form\u00e9s en amiante<\/p>\n<\/div>\n\n\n\n<div class=\"wp-block-uagb-container uagb-block-666324ab\">\n<div class=\"wp-block-uagb-advanced-heading uagb-block-033bf14f\"><h2 class=\"uagb-heading-text\">100%<\/h2><\/div>\n\n\n\n<p class=\"has-text-align-center has-palette-color-7-color has-text-color has-link-color wp-elements-324ea4bb439b8955150182a507799b13\">Accompagnement personnalis\u00e9<\/p>\n<\/div>\n<\/div><\/div>\n\n\n\n<p><\/p>\n\n\n\n<div class=\"wp-block-uagb-container uagb-block-54161622 alignfull uagb-is-root-container\"><div class=\"uagb-container-inner-blocks-wrap\">\n<div class=\"wp-block-uagb-container uagb-block-056e214e\">\n<p class=\"has-text-align-center has-text-color has-link-color has-small-font-size wp-elements-cbe45616529bff8ded163cc214920237\" style=\"color:#008299\"><strong>POURQUOI A CARR\u00c9<\/strong><\/p>\n\n\n\n<div class=\"wp-block-uagb-advanced-heading uagb-block-fbce5d47\"><h2 class=\"uagb-heading-text\">L&rsquo;expertise qui fait la diff\u00e9rence<\/h2><\/div>\n<\/div>\n<\/div><\/div>\n\n\n\n<div class=\"wp-block-uagb-container uagb-block-3552f29d alignfull uagb-is-root-container\"><div class=\"uagb-container-inner-blocks-wrap\">\n<div class=\"wp-block-uagb-container uagb-block-45f57183\">\n<div class=\"wp-block-uagb-icon-list uagb-block-968bc8d1\"><div class=\"uagb-icon-list__wrap\">\n<div class=\"wp-block-uagb-icon-list-child uagb-block-71414651\"><span class=\"uagb-icon-list__source-wrap\"><svg xmlns=\"https:\/\/www.w3.org\/2000\/svg\" viewBox=\"0 0 448 512\"><path d=\"M438.6 105.4C451.1 117.9 451.1 138.1 438.6 150.6L182.6 406.6C170.1 419.1 149.9 419.1 137.4 406.6L9.372 278.6C-3.124 266.1-3.124 245.9 9.372 233.4C21.87 220.9 42.13 220.9 54.63 233.4L159.1 338.7L393.4 105.4C405.9 92.88 426.1 92.88 438.6 105.4H438.6z\"><\/path><\/svg><\/span><span class=\"uagb-icon-list__label\">Expertise terrain issue du d\u00e9samiantage, pas de la th\u00e9orie<\/span><\/div>\n\n\n\n<div class=\"wp-block-uagb-icon-list-child uagb-block-3166c503\"><span class=\"uagb-icon-list__source-wrap\"><svg xmlns=\"https:\/\/www.w3.org\/2000\/svg\" viewBox=\"0 0 448 512\"><path d=\"M438.6 105.4C451.1 117.9 451.1 138.1 438.6 150.6L182.6 406.6C170.1 419.1 149.9 419.1 137.4 406.6L9.372 278.6C-3.124 266.1-3.124 245.9 9.372 233.4C21.87 220.9 42.13 220.9 54.63 233.4L159.1 338.7L393.4 105.4C405.9 92.88 426.1 92.88 438.6 105.4H438.6z\"><\/path><\/svg><\/span><span class=\"uagb-icon-list__label\">Approche pragmatique orient\u00e9e r\u00e9sultats et conformit\u00e9<\/span><\/div>\n\n\n\n<div class=\"wp-block-uagb-icon-list-child uagb-block-285f983c\"><span class=\"uagb-icon-list__source-wrap\"><svg xmlns=\"https:\/\/www.w3.org\/2000\/svg\" viewBox=\"0 0 448 512\"><path d=\"M438.6 105.4C451.1 117.9 451.1 138.1 438.6 150.6L182.6 406.6C170.1 419.1 149.9 419.1 137.4 406.6L9.372 278.6C-3.124 266.1-3.124 245.9 9.372 233.4C21.87 220.9 42.13 220.9 54.63 233.4L159.1 338.7L393.4 105.4C405.9 92.88 426.1 92.88 438.6 105.4H438.6z\"><\/path><\/svg><\/span><span class=\"uagb-icon-list__label\">Int\u00e9gration de l&rsquo;IA dans les processus m\u00e9tier<\/span><\/div>\n\n\n\n<div class=\"wp-block-uagb-icon-list-child uagb-block-0242022d\"><span class=\"uagb-icon-list__source-wrap\"><svg xmlns=\"https:\/\/www.w3.org\/2000\/svg\" viewBox=\"0 0 448 512\"><path d=\"M438.6 105.4C451.1 117.9 451.1 138.1 438.6 150.6L182.6 406.6C170.1 419.1 149.9 419.1 137.4 406.6L9.372 278.6C-3.124 266.1-3.124 245.9 9.372 233.4C21.87 220.9 42.13 220.9 54.63 233.4L159.1 338.7L393.4 105.4C405.9 92.88 426.1 92.88 438.6 105.4H438.6z\"><\/path><\/svg><\/span><span class=\"uagb-icon-list__label\">Accompagnement sur-mesure, du diagnostic \u00e0 l&rsquo;audit<\/span><\/div>\n\n\n\n<div class=\"wp-block-uagb-icon-list-child uagb-block-f251f535\"><span class=\"uagb-icon-list__source-wrap\"><svg xmlns=\"https:\/\/www.w3.org\/2000\/svg\" viewBox=\"0 0 448 512\"><path d=\"M438.6 105.4C451.1 117.9 451.1 138.1 438.6 150.6L182.6 406.6C170.1 419.1 149.9 419.1 137.4 406.6L9.372 278.6C-3.124 266.1-3.124 245.9 9.372 233.4C21.87 220.9 42.13 220.9 54.63 233.4L159.1 338.7L393.4 105.4C405.9 92.88 426.1 92.88 438.6 105.4H438.6z\"><\/path><\/svg><\/span><span class=\"uagb-icon-list__label\">R\u00e9seau d&rsquo;experts et veille r\u00e9glementaire permanente<\/span><\/div>\n<\/div><\/div>\n<\/div>\n\n\n\n<div class=\"wp-block-uagb-container uagb-block-7ab0846e\">\n<h6 class=\"wp-block-heading\"><em>\u00ab\u00a0Notre mission : rendre chaque entreprise du BTP autonome, conforme et performante face au risque amiante.\u00a0\u00bb<\/em><\/h6>\n<\/div>\n<\/div><\/div>\n\n\n\n<p><\/p>\n\n\n\n<div class=\"wp-block-uagb-container uagb-block-ddac8bfb alignfull uagb-is-root-container\"><div class=\"uagb-container-inner-blocks-wrap\">\n<div class=\"wp-block-uagb-container uagb-block-d7e0057e\">\n<div class=\"wp-block-uagb-advanced-heading uagb-block-f1451342\"><h2 class=\"uagb-heading-text\">Pr\u00eat \u00e0 s\u00e9curiser vos op\u00e9rations amiante ?<\/h2><\/div>\n\n\n\n<p class=\"has-text-align-center has-palette-color-8-color has-text-color has-link-color has-medium-font-size wp-elements-b63ece447bf7410cffc77ca836c2e3b2\">\u00c9changeons sur vos projets et vos objectifs lors d&rsquo;un appel gratuit et sans engagement.<\/p>\n\n\n\n<div class=\"wp-block-buttons is-layout-flex wp-block-buttons-is-layout-flex\"><\/div>\n\n\n\n<div class=\"wp-block-uagb-buttons uagb-buttons__outer-wrap uagb-btn__default-btn uagb-btn-tablet__default-btn uagb-btn-mobile__default-btn uagb-block-7f8c2986\"><div class=\"uagb-buttons__wrap uagb-buttons-layout-wrap \">\n<div class=\"wp-block-uagb-buttons-child uagb-buttons__outer-wrap uagb-block-e98ea39c wp-block-button\"><div class=\"uagb-button__wrapper\"><a class=\"uagb-buttons-repeater wp-block-button__link\" aria-label=\"\" href=\"index.php\/contact-2\/\" rel=\"follow noopener\" target=\"_self\" role=\"button\"><div class=\"uagb-button__link\">Echangeons sur vos enjeux \u2192<\/div><\/a><\/div><\/div>\n<\/div><\/div>\n<\/div>\n<\/div><\/div>\n\n\n\n<p><\/p>\n","protected":false},"excerpt":{"rendered":"<p>Ma\u00eetrisez le risque amiante.&nbsp;S\u00e9curisez vos op\u00e9rations. A Carr\u00e9 accompagne les entreprises du b\u00e2timent dans la gestion du risque amiante : formation, ma\u00eetrise d&rsquo;\u0153uvre, accompagnement r\u00e9glementaire et int\u00e9gration de l&rsquo;IA. LE CONSTAT : Le risque amiante ne pardonne pas l&rsquo;approximation R\u00e9glementation complexe, audits exigeants, responsabilit\u00e9s p\u00e9nales : chaque erreur peut co\u00fbter cher. Vos \u00e9quipes m\u00e9ritent un [&hellip;]<\/p>\n","protected":false},"author":1,"featured_media":0,"parent":0,"menu_order":0,"comment_status":"closed","ping_status":"closed","template":"","meta":{"_uag_custom_page_level_css":"","footnotes":""},"class_list":["post-1582","page","type-page","status-publish","hentry"],"blocksy_meta":{"has_hero_section":"enabled","hero_elements":[{"id":"custom_title","enabled":false,"heading_tag":"h1","title":"Accueil","__id":"S8KjnXPr2qsdnQY16rhmu"},{"id":"custom_description","enabled":true,"description_visibility":{"desktop":true,"tablet":true,"mobile":false},"__id":"Za4aUzul4QPq2gIGkKgF2"},{"id":"custom_meta","enabled":false,"meta_elements":[{"id":"author","enabled":true,"label":"Par","has_author_avatar":"yes","avatar_size":25},{"id":"post_date","enabled":true,"label":"Sur","date_format_source":"default","date_format":"M j, Y"},{"id":"updated_date","enabled":false,"label":"Sur","date_format_source":"default","date_format":"M j, Y"},{"id":"categories","enabled":false,"label":"Dans","style":"simple"},{"id":"comments","enabled":true}],"page_meta_elements":{"joined":true,"articles_count":true,"comments":true},"__id":"I7W5gJi6JKfRJ7Fxa88pN"},{"id":"breadcrumbs","enabled":false,"__id":"qWpOHrXOQcqufG6QYDnhR"}],"styles_descriptor":{"styles":{"desktop":"[data-prefix=\"single_page\"] .entry-header .page-title {--fontSize:30px;} [data-prefix=\"single_page\"] .entry-header .entry-meta {--fontWeight:600;--textTransform:uppercase;--fontSize:12px;--lineHeight:1.3;}","tablet":"","mobile":""},"google_fonts":[],"version":5}},"uagb_featured_image_src":{"full":false,"thumbnail":false,"medium":false,"medium_large":false,"large":false,"1536x1536":false,"2048x2048":false},"uagb_author_info":{"display_name":"Antoine","author_link":"https:\/\/acarre.eu\/index.php\/author\/admin1530\/"},"uagb_comment_info":0,"uagb_excerpt":"Ma\u00eetrisez le risque amiante.&nbsp;S\u00e9curisez vos op\u00e9rations. A Carr\u00e9 accompagne les entreprises du b\u00e2timent dans la gestion du risque amiante : formation, ma\u00eetrise d&rsquo;\u0153uvre, accompagnement r\u00e9glementaire et int\u00e9gration de l&rsquo;IA. LE CONSTAT : Le risque amiante ne pardonne pas l&rsquo;approximation R\u00e9glementation complexe, audits exigeants, responsabilit\u00e9s p\u00e9nales : chaque erreur peut co\u00fbter cher. Vos \u00e9quipes m\u00e9ritent un\u2026","_links":{"self":[{"href":"https:\/\/acarre.eu\/index.php\/wp-json\/wp\/v2\/pages\/1582","targetHints":{"allow":["GET"]}}],"collection":[{"href":"https:\/\/acarre.eu\/index.php\/wp-json\/wp\/v2\/pages"}],"about":[{"href":"https:\/\/acarre.eu\/index.php\/wp-json\/wp\/v2\/types\/page"}],"author":[{"embeddable":true,"href":"https:\/\/acarre.eu\/index.php\/wp-json\/wp\/v2\/users\/1"}],"replies":[{"embeddable":true,"href":"https:\/\/acarre.eu\/index.php\/wp-json\/wp\/v2\/comments?post=1582"}],"version-history":[{"count":27,"href":"https:\/\/acarre.eu\/index.php\/wp-json\/wp\/v2\/pages\/1582\/revisions"}],"predecessor-version":[{"id":1670,"href":"https:\/\/acarre.eu\/index.php\/wp-json\/wp\/v2\/pages\/1582\/revisions\/1670"}],"wp:attachment":[{"href":"https:\/\/acarre.eu\/index.php\/wp-json\/wp\/v2\/media?parent=1582"}],"curies":[{"name":"wp","href":"https:\/\/api.w.org\/{rel}","templated":true}]}}